{"id":1115,"date":"2015-02-20T20:12:45","date_gmt":"2015-02-20T20:12:45","guid":{"rendered":"https:\/\/avada.theme-fusion.com_demos\/law\/?page_id=16"},"modified":"2021-04-06T07:39:50","modified_gmt":"2021-04-06T07:39:50","slug":"careers","status":"publish","type":"page","link":"https:\/\/fr.g-r-company.com\/?page_id=1115","title":{"rendered":"Careers"},"content":{"rendered":"<div class=\"fusion-fullwidth fullwidth-box fusion-builder-row-1 nonhundred-percent-fullwidth non-hundred-percent-height-scrolling\"  style='background-color: rgba(255,255,255,0);background-position: left top;background-repeat: no-repeat;padding-top:100px;padding-right:0px;padding-bottom:80px;padding-left:0px;border-top-width:0px;border-bottom-width:0px;border-color:#e2e2e2;border-top-style:solid;border-bottom-style:solid;'><div class=\"fusion-builder-row fusion-row \"><div  class=\"fusion-layout-column fusion_builder_column fusion_builder_column_1_1 fusion-builder-column-0 fusion-one-full fusion-column-first fusion-column-last fusion-column-no-min-height 1_1\"  style='margin-top:0px;margin-bottom:0px;'><div class=\"fusion-column-wrapper\" style=\"padding: 0px 0px 0px 0px;background-position:left top;background-repeat:no-repeat;-webkit-background-size:cover;-moz-background-size:cover;-o-background-size:cover;background-size:cover;\"   data-bg-url=\"\"><div class=\"fusion-sep-clear\"><\/div><div class=\"fusion-separator fusion-full-width-sep sep-single sep-solid\" style=\"border-color:#55a098;border-top-width:5px;margin-left: auto;margin-right: auto;margin-top:;\"><\/div><div class=\"fusion-clearfix\"><\/div><\/div><\/div><div  class=\"fusion-layout-column fusion_builder_column fusion_builder_column_1_1 fusion-builder-column-1 fusion-one-full fusion-column-first fusion-column-last green-border rounded-border 1_1\"  style='margin-top:0px;margin-bottom:45px;'><div class=\"fusion-column-wrapper\" style=\"background-color:#ffffff;border:1px solid #e2e2e2;padding: 40px 60px 20px 60px;background-position:left top;background-repeat:no-repeat;-webkit-background-size:cover;-moz-background-size:cover;-o-background-size:cover;background-size:cover;\"   data-bg-url=\"\"><style type=\"text\/css\">@media only screen and (max-width:850px) {.fusion-title.fusion-title-1{margin-top:10px!important;margin-bottom:10px!important;}}<\/style><div class=\"fusion-title title fusion-title-1 fusion-sep-none fusion-title-text fusion-title-size-three\" style=\"margin-top:10px;margin-bottom:30px;\"><h3 class=\"title-heading-left\" style=\"margin:0;\">Informations g\u00e9n\u00e9rales<\/h3><\/div><style type=\"text\/css\">.fusion-accordian  #accordion-1115-1 .panel-title a .fa-fusion-box{ color: #ffffff;}.fusion-accordian  #accordion-1115-1 .panel-title a .fa-fusion-box:before{ font-size: 16px; width: 16px;}.fusion-accordian  #accordion-1115-1 .panel-title a{font-size:14px;}.fusion-accordian  #accordion-1115-1 .fa-fusion-box { background-color: #212934;border-color: #212934;}.fusion-accordian  #accordion-1115-1 .panel-title a:hover, #accordion-1115-1 .fusion-toggle-boxed-mode:hover .panel-title a { color: #65bc7b;}.fusion-accordian  #accordion-1115-1 .panel-title .active .fa-fusion-box,.fusion-accordian  #accordion-1115-1 .panel-title a:hover .fa-fusion-box { background-color: #65bc7b!important;border-color: #65bc7b!important;}<\/style><div class=\"accordian fusion-accordian\"><div class=\"panel-group\" id=\"accordion-1115-1\" role=\"tablist\"><div class=\"fusion-panel panel-default\" role=\"tabpanel\"><div class=\"panel-heading\"><h4 class=\"panel-title toggle\"><a aria-expanded=\"false\" aria-selected=\"false\" aria-controls=\"5f4ab5b31ca2c4f08\" role=\"tab\" data-toggle=\"collapse\" data-parent=\"#accordion-1115-1\" data-target=\"#5f4ab5b31ca2c4f08\" href=\"#5f4ab5b31ca2c4f08\"><span class=\"fusion-toggle-icon-wrapper\" aria-hidden=\"true\"><i class=\"fa-fusion-box\"><\/i><\/span><span class=\"fusion-toggle-heading\">Avis important avant de soumettre votre CV<\/span><\/a><\/h4><\/div><div id=\"5f4ab5b31ca2c4f08\" class=\"panel-collapse collapse \"><div class=\"panel-body toggle-content fusion-clearfix\">\n<p>Chers demandeurs,<br \/>Veuillez envoyer tous les documents requis, car nous avons re\u00e7u des demandes manquantes.\u00a0Veuillez noter que nous n\u2019examinerons aucune demande sans les documents suivants\u00a0:<br \/>1. Certificat d\u2019\u00e9tudes secondaires<br \/>2. Certificat universitaire<br \/>3. Relev\u00e9 de notes de l\u2019universit\u00e9<br \/>4. Une copie du passeport<br \/>5. CV dans MS. Word (pas en format PDF)<br \/>6. Lettre d\u2019accompagnement\/motivation<br \/>7. Soumettre le certificat linguistique, s\u2019il y a lieu.<br \/>8. Un certificat d\u2019exp\u00e9rience professionnelle, s\u2019il y en a.<br \/>Une carte de pratique de la carri\u00e8re comme m\u00e9dicament<\/p>\n<\/div><\/div><\/div><\/div><\/div><div class=\"fusion-builder-row fusion-builder-row-inner fusion-row \"><div  class=\"fusion-layout-column fusion_builder_column fusion_builder_column_1_2 fusion-builder-nested-column-1 fusion-one-half fusion-column-first 1_2\"  style='margin-top: 0px;margin-bottom: 20px;width:50%;width:calc(50% - ( ( 4% ) * 0.5 ) );margin-right:4%;'>\n\t\t\t\t\t<div class=\"fusion-column-wrapper fusion-column-wrapper-1\" style=\"padding: 0px 0px 0px 0px;background-position:left top;background-repeat:no-repeat;-webkit-background-size:cover;-moz-background-size:cover;-o-background-size:cover;background-size:cover;\" data-bg-url=\"\">\n\t\t\t\t\t\t<div class=\"fusion-text\"><p>La Roumanie ouvre le march\u00e9 du travail aux travailleurs \u00e9trangers sp\u00e9cialis\u00e9s, \u00e0 partir de 2020 et augmente les opportunit\u00e9s pour les travailleurs sp\u00e9cialis\u00e9s venant de l\u2019ext\u00e9rieur de l\u2019Union europ\u00e9enne \u00e0 travailler en Allemagne.<\/p>\n<\/div><style type=\"text\/css\">.fusion-accordian  #accordion-1115-2 .panel-title a .fa-fusion-box{ color: #ffffff;}.fusion-accordian  #accordion-1115-2 .panel-title a .fa-fusion-box:before{ font-size: 16px; width: 16px;}.fusion-accordian  #accordion-1115-2 .panel-title a{font-size:14px;}.fusion-accordian  #accordion-1115-2 .fa-fusion-box { background-color: #212934;border-color: #212934;}.fusion-accordian  #accordion-1115-2 .panel-title a:hover, #accordion-1115-2 .fusion-toggle-boxed-mode:hover .panel-title a { color: #65bc7b;}.fusion-accordian  #accordion-1115-2 .panel-title .active .fa-fusion-box,.fusion-accordian  #accordion-1115-2 .panel-title a:hover .fa-fusion-box { background-color: #65bc7b!important;border-color: #65bc7b!important;}<\/style><div class=\"accordian fusion-accordian\"><div class=\"panel-group\" id=\"accordion-1115-2\" role=\"tablist\"><div class=\"fusion-panel panel-default\" role=\"tabpanel\"><div class=\"panel-heading\"><h4 class=\"panel-title toggle\"><a aria-expanded=\"false\" aria-selected=\"false\" aria-controls=\"5a83494f82a929c4c\" role=\"tab\" data-toggle=\"collapse\" data-parent=\"#accordion-1115-2\" data-target=\"#5a83494f82a929c4c\" href=\"#5a83494f82a929c4c\"><span class=\"fusion-toggle-icon-wrapper\" aria-hidden=\"true\"><i class=\"fa-fusion-box\"><\/i><\/span><span class=\"fusion-toggle-heading\">Avez-vous besoin d\u2019un visa de voyage?<\/span><\/a><\/h4><\/div><div id=\"5a83494f82a929c4c\" class=\"panel-collapse collapse \"><div class=\"panel-body toggle-content fusion-clearfix\">\n<p>Oui, il est n\u00e9cessaire d\u2019obtenir un visa de voyage apr\u00e8s l\u2019obtention de la possibilit\u00e9 d\u2019emploi, en fonction du type de nationalit\u00e9 que vous \u00eates.<\/p>\n<\/div><\/div><\/div><div class=\"fusion-panel panel-default\" role=\"tabpanel\"><div class=\"panel-heading\"><h4 class=\"panel-title toggle\"><a aria-expanded=\"false\" aria-selected=\"false\" aria-controls=\"398091a461fa5fefb\" role=\"tab\" data-toggle=\"collapse\" data-parent=\"#accordion-1115-2\" data-target=\"#398091a461fa5fefb\" href=\"#398091a461fa5fefb\"><span class=\"fusion-toggle-icon-wrapper\" aria-hidden=\"true\"><i class=\"fa-fusion-box\"><\/i><\/span><span class=\"fusion-toggle-heading\">Qu\u2019entend-on par main-d\u2019\u0153uvre qualifi\u00e9e sp\u00e9cialis\u00e9e?<\/span><\/a><\/h4><\/div><div id=\"398091a461fa5fefb\" class=\"panel-collapse collapse \"><div class=\"panel-body toggle-content fusion-clearfix\">\n<p>\u2022 les qualifications professionnelles d\u2019au moins deux ans.<br \/>\u2022 Qualifications universitaires dans tous les domaines.<\/p>\n<\/div><\/div><\/div><\/div><\/div><div class=\"fusion-text\"><p><strong>Conditions \u00e0 remplir par les travailleurs qualifi\u00e9s et sp\u00e9cialis\u00e9s\u00a0:<\/strong><\/p>\n<\/div><ul class=\"fusion-checklist fusion-checklist-1\" style=\"font-size:14px;line-height:23.8px;\"><li class=\"fusion-li-item\"><span style=\"background-color:#65bc7b;font-size:12.32px;height:23.8px;width:23.8px;margin-right:9.8px;\" class=\"icon-wrapper circle-yes\"><i class=\"fusion-li-icon fa-check-double fas\" style=\"color:#ffffff;\"><\/i><\/span><div class=\"fusion-li-item-content\" style=\"margin-left:33.6px;\">\u2022 Reconnaissance de la qualification pour la main-d\u2019\u0153uvre qualifi\u00e9e.<\/div><\/li><li class=\"fusion-li-item\"><span style=\"background-color:#65bc7b;font-size:12.32px;height:23.8px;width:23.8px;margin-right:9.8px;\" class=\"icon-wrapper circle-yes\"><i class=\"fusion-li-icon fa-check-double fas\" style=\"color:#ffffff;\"><\/i><\/span><div class=\"fusion-li-item-content\" style=\"margin-left:33.6px;\">\n<p>Obtenir une offre d\u2019emploi<\/p>\n<\/div><\/li><li class=\"fusion-li-item\"><span style=\"background-color:#65bc7b;font-size:12.32px;height:23.8px;width:23.8px;margin-right:9.8px;\" class=\"icon-wrapper circle-yes\"><i class=\"fusion-li-icon fa-check-double fas\" style=\"color:#ffffff;\"><\/i><\/span><div class=\"fusion-li-item-content\" style=\"margin-left:33.6px;\">\n<p>Obtenir un permis d\u2019exercice de la profession<\/p>\n<\/div><\/li><li class=\"fusion-li-item\"><span style=\"background-color:#65bc7b;font-size:12.32px;height:23.8px;width:23.8px;margin-right:9.8px;\" class=\"icon-wrapper circle-yes\"><i class=\"fusion-li-icon fa-check-double fas\" style=\"color:#ffffff;\"><\/i><\/span><div class=\"fusion-li-item-content\" style=\"margin-left:33.6px;\">Obtenir un passeport et une carte d\u2019identit\u00e9.<\/div><\/li><li class=\"fusion-li-item\"><span style=\"background-color:#65bc7b;font-size:12.32px;height:23.8px;width:23.8px;margin-right:9.8px;\" class=\"icon-wrapper circle-yes\"><i class=\"fusion-li-icon fa-check-double fas\" style=\"color:#ffffff;\"><\/i><\/span><div class=\"fusion-li-item-content\" style=\"margin-left:33.6px;\">Remarque : Pour les qualifications d\u00e9livr\u00e9es par la Roumanie :<br \/>\no Vous n\u2019avez pas besoin de pr\u00e9senter une demande de qualification ou de reconnaissance d\u2019un grade universitaire.<br \/>\no Bon nombre des qualifications des pays de l\u2019Union europ\u00e9enne sont accept\u00e9es et reconnues.<\/div><\/li><\/ul>\n\n\t\t\t\t\t<\/div>\n\t\t\t\t<\/div><div  class=\"fusion-layout-column fusion_builder_column fusion_builder_column_1_2 fusion-builder-nested-column-2 fusion-one-half fusion-column-last 1_2\"  style='margin-top: 0px;margin-bottom: 20px;width:50%;width:calc(50% - ( ( 4% ) * 0.5 ) );'>\n\t\t\t\t\t<div class=\"fusion-column-wrapper fusion-column-wrapper-2\" style=\"padding: 0px 0px 0px 0px;background-position:left top;background-repeat:no-repeat;-webkit-background-size:cover;-moz-background-size:cover;-o-background-size:cover;background-size:cover;\" data-bg-url=\"\">\n\t\t\t\t\t\t<style type=\"text\/css\">.fusion-accordian  #accordion-1115-3 .panel-title a .fa-fusion-box{ color: #ffffff;}.fusion-accordian  #accordion-1115-3 .panel-title a .fa-fusion-box:before{ font-size: 16px; width: 16px;}.fusion-accordian  #accordion-1115-3 .panel-title a{font-size:14px;}.fusion-accordian  #accordion-1115-3 .fa-fusion-box { background-color: #212934;border-color: #212934;}.fusion-accordian  #accordion-1115-3 .panel-title a:hover, #accordion-1115-3 .fusion-toggle-boxed-mode:hover .panel-title a { color: #65bc7b;}.fusion-accordian  #accordion-1115-3 .panel-title .active .fa-fusion-box,.fusion-accordian  #accordion-1115-3 .panel-title a:hover .fa-fusion-box { background-color: #65bc7b!important;border-color: #65bc7b!important;}<\/style><div class=\"accordian fusion-accordian\"><div class=\"panel-group\" id=\"accordion-1115-3\" role=\"tablist\"><div class=\"fusion-panel panel-default\" role=\"tabpanel\"><div class=\"panel-heading\"><h4 class=\"panel-title toggle\"><a aria-expanded=\"false\" aria-selected=\"false\" aria-controls=\"d129a32709e8d0440\" role=\"tab\" data-toggle=\"collapse\" data-parent=\"#accordion-1115-3\" data-target=\"#d129a32709e8d0440\" href=\"#d129a32709e8d0440\"><span class=\"fusion-toggle-icon-wrapper\" aria-hidden=\"true\"><i class=\"fa-fusion-box\"><\/i><\/span><span class=\"fusion-toggle-heading\">Les options offertes aux titulaires de dipl\u00f4mes universitaires \u00e9trangers :<\/span><\/a><\/h4><\/div><div id=\"d129a32709e8d0440\" class=\"panel-collapse collapse \"><div class=\"panel-body toggle-content fusion-clearfix\">\n<ul>\n<li>Obtenir une offre d\u2019emploi sp\u00e9cifique pour une p\u00e9riode d\u2019au moins 12 mois.<br \/>\n\u2022 Qualification appropri\u00e9e pour le poste<br \/>\n\u2022 Salaire annuel total non inf\u00e9rieur \u00e0 (55\u00a0200 \u20ac)<br \/>\n\u2022 Professions particuli\u00e8res comme la m\u00e9decine, l\u2019ing\u00e9nierie, les math\u00e9matiques et la technologie de l\u2019information.<br \/>\n\u2022 Il devrait obtenir un \u00e9quivalent annuel total de (46\u00a0500 euros).<br \/>\n\u2022 Les titulaires d\u2019un certificat de formation professionnelle \u00e0 l\u2019\u00e9tranger peuvent obtenir un permis de s\u00e9jour leur permettant de travailler dans leur domaine, \u00e0 condition que l\u2019Agence f\u00e9d\u00e9rale du travail approuve leurs qualifications \u00e0 l\u2019\u00e9tranger pour le travail \u00e0 pratiquer.<\/li>\n<li>Main-d\u2019\u0153uvre de plus de 45 ans\u00a0: Ils peuvent obtenir la carte bleue pour l\u2019Union europ\u00e9enne, si le revenu total est sup\u00e9rieur \u00e0 45\u00a0540 euros par an, si le montant est inf\u00e9rieur \u00e0 ce montant, ils doivent fournir une preuve suppl\u00e9mentaire de leur pension gouvernementale dans le pays d\u2019origine.<br \/>\n\u2022 Recherche scientifique en Allemagne\u00a0: les permis de s\u00e9jour s\u2019appliquent aux possibilit\u00e9s d\u2019\u00e9tudes<\/li>\n<\/ul>\n<\/div><\/div><\/div><div class=\"fusion-panel panel-default\" role=\"tabpanel\"><div class=\"panel-heading\"><h4 class=\"panel-title toggle\"><a aria-expanded=\"false\" aria-selected=\"false\" aria-controls=\"36dafe6b86190b7c9\" role=\"tab\" data-toggle=\"collapse\" data-parent=\"#accordion-1115-3\" data-target=\"#36dafe6b86190b7c9\" href=\"#36dafe6b86190b7c9\"><span class=\"fusion-toggle-icon-wrapper\" aria-hidden=\"true\"><i class=\"fa-fusion-box\"><\/i><\/span><span class=\"fusion-toggle-heading\">Technologie de l\u2019information:<\/span><\/a><\/h4><\/div><div id=\"36dafe6b86190b7c9\" class=\"panel-collapse collapse \"><div class=\"panel-body toggle-content fusion-clearfix\">\n<p>\u2022 Il est possible de travailler dans ce domaine sans preuve d\u2019obtention de la qualification d\u2019une main-d\u2019\u0153uvre qualifi\u00e9e Sp\u00e9cialis\u00e9e, dans les conditions suivantes :<br \/>\u2022 l\u2019obtention d\u2019une qualification similaire \u00e0 une qualification professionnelle, de formation ou acad\u00e9mique au cours des sept derni\u00e8res ann\u00e9es, et la dur\u00e9e du travail pendant trois ans.<br \/>\u2022 un salaire annuel total d\u2019au moins 49\u00a0680 euros.<br \/>\u2022 Allemand au niveau interm\u00e9diaire B1 \/ B2. L\u2019\u00e9tat peut \u00eatre abandonn\u00e9 si vous d\u00e9montrez que le poste convient \u00e0 un employ\u00e9 qui parle couramment l\u2019anglais.<\/p>\n<\/div><\/div><\/div><div class=\"fusion-panel panel-default\" role=\"tabpanel\"><div class=\"panel-heading\"><h4 class=\"panel-title toggle\"><a aria-expanded=\"false\" aria-selected=\"false\" aria-controls=\"3588630db6987e567\" role=\"tab\" data-toggle=\"collapse\" data-parent=\"#accordion-1115-3\" data-target=\"#3588630db6987e567\" href=\"#3588630db6987e567\"><span class=\"fusion-toggle-icon-wrapper\" aria-hidden=\"true\"><i class=\"fa-fusion-box\"><\/i><\/span><span class=\"fusion-toggle-heading\">Autres possibilit\u00e9s de voyage en Allemagne \u00e0 des fins professionnelles:<\/span><\/a><\/h4><\/div><div id=\"3588630db6987e567\" class=\"panel-collapse collapse \"><div class=\"panel-body toggle-content fusion-clearfix\">\n<p>Oui, il est permis, dans les domaines r\u00e9gis par le R\u00e8glement sur l\u2019emploi des \u00e9trangers, tels que les directeurs d\u2019entreprise, les chauffeurs, les chefs, les artistes, les athl\u00e8tes, etc.<\/p>\n<\/div><\/div><\/div><\/div><\/div>\n\n\t\t\t\t\t<\/div>\n\t\t\t\t<\/div><\/div><div class=\"fusion-text\"><p style=\"text-align: center;\"><strong>Nous nous soucions de fournir les meilleurs services et d\u2019\u00e9conomiser le temps et l\u2019effort de nos candidats \u00e0 travers notre entreprise afin d\u2019obtenir leurs chances de travailler en Europe, en particulier en Allemagne, nous avons cr\u00e9\u00e9 ce site Web que les demandes d\u2019emploi peuvent \u00eatre soumises efficacement.<\/strong><\/p>\n<\/div><div class=\"fusion-clearfix\"><\/div><\/div><\/div><\/div><\/div>\n","protected":false},"excerpt":{"rendered":"","protected":false},"author":1,"featured_media":0,"parent":0,"menu_order":0,"comment_status":"open","ping_status":"closed","template":"100-width.php","meta":{"footnotes":""},"class_list":["post-1115","page","type-page","status-publish","hentry"],"_links":{"self":[{"href":"https:\/\/fr.g-r-company.com\/index.php?rest_route=\/wp\/v2\/pages\/1115"}],"collection":[{"href":"https:\/\/fr.g-r-company.com\/index.php?rest_route=\/wp\/v2\/pages"}],"about":[{"href":"https:\/\/fr.g-r-company.com\/index.php?rest_route=\/wp\/v2\/types\/page"}],"author":[{"embeddable":true,"href":"https:\/\/fr.g-r-company.com\/index.php?rest_route=\/wp\/v2\/users\/1"}],"replies":[{"embeddable":true,"href":"https:\/\/fr.g-r-company.com\/index.php?rest_route=%2Fwp%2Fv2%2Fcomments&post=1115"}],"version-history":[{"count":13,"href":"https:\/\/fr.g-r-company.com\/index.php?rest_route=\/wp\/v2\/pages\/1115\/revisions"}],"predecessor-version":[{"id":1255,"href":"https:\/\/fr.g-r-company.com\/index.php?rest_route=\/wp\/v2\/pages\/1115\/revisions\/1255"}],"wp:attachment":[{"href":"https:\/\/fr.g-r-company.com\/index.php?rest_route=%2Fwp%2Fv2%2Fmedia&parent=1115"}],"curies":[{"name":"wp","href":"https:\/\/api.w.org\/{rel}","templated":true}]}}